{"id":591,"date":"2017-12-13T08:37:50","date_gmt":"2017-12-13T08:37:50","guid":{"rendered":"https:\/\/franciscobugallo.com\/?page_id=591"},"modified":"2023-05-07T11:42:43","modified_gmt":"2023-05-07T11:42:43","slug":"about-me","status":"publish","type":"page","link":"https:\/\/franciscobugallo.com\/?page_id=591","title":{"rendered":"About Me"},"content":{"rendered":"\t\t<div data-elementor-type=\"wp-post\" data-elementor-id=\"591\" class=\"elementor elementor-591\">\n\t\t\t\t\t\t\t\t\t<section class=\"elementor-section elementor-top-section elementor-element elementor-element-1582c1f elementor-section-boxed elementor-section-height-default elementor-section-height-default\" data-id=\"1582c1f\" data-element_type=\"section\" data-settings=\"{&quot;background_background&quot;:&quot;gradient&quot;}\">\n\t\t\t\t\t\t<div class=\"elementor-container elementor-column-gap-default\">\n\t\t\t\t\t<div class=\"elementor-column elementor-col-50 elementor-top-column elementor-element elementor-element-9e47264\" data-id=\"9e47264\" data-element_type=\"column\">\n\t\t\t<div class=\"elementor-widget-wrap elementor-element-populated\">\n\t\t\t\t\t\t\t\t<div class=\"elementor-element elementor-element-eb5c8e9 elementor-widget elementor-widget-image\" data-id=\"eb5c8e9\" data-element_type=\"widget\" data-widget_type=\"image.default\">\n\t\t\t\t<div class=\"elementor-widget-container\">\n\t\t\t<style>\/*! elementor - v3.13.0 - 08-05-2023 *\/\n.elementor-widget-image{text-align:center}.elementor-widget-image a{display:inline-block}.elementor-widget-image a img[src$=\".svg\"]{width:48px}.elementor-widget-image img{vertical-align:middle;display:inline-block}<\/style>\t\t\t\t\t\t\t\t\t\t\t\t<img decoding=\"async\" width=\"1024\" height=\"683\" src=\"https:\/\/franciscobugallo.com\/wp-content\/uploads\/2023\/05\/Bugallo-7487-1-1024x683.jpg\" class=\"attachment-large size-large wp-image-606\" alt=\"\" loading=\"lazy\" srcset=\"https:\/\/franciscobugallo.com\/wp-content\/uploads\/2023\/05\/Bugallo-7487-1-1024x683.jpg 1024w, https:\/\/franciscobugallo.com\/wp-content\/uploads\/2023\/05\/Bugallo-7487-1-scaled-600x400.jpg 600w, https:\/\/franciscobugallo.com\/wp-content\/uploads\/2023\/05\/Bugallo-7487-1-300x200.jpg 300w, https:\/\/franciscobugallo.com\/wp-content\/uploads\/2023\/05\/Bugallo-7487-1-768x512.jpg 768w, https:\/\/franciscobugallo.com\/wp-content\/uploads\/2023\/05\/Bugallo-7487-1-1536x1024.jpg 1536w, https:\/\/franciscobugallo.com\/wp-content\/uploads\/2023\/05\/Bugallo-7487-1-2048x1365.jpg 2048w\" sizes=\"(max-width: 1024px) 100vw, 1024px\" \/>\t\t\t\t\t\t\t\t\t\t\t\t\t\t\t<\/div>\n\t\t\t\t<\/div>\n\t\t\t\t<div class=\"elementor-element elementor-element-cff9650 elementor-widget elementor-widget-text-editor\" data-id=\"cff9650\" data-element_type=\"widget\" data-widget_type=\"text-editor.default\">\n\t\t\t\t<div class=\"elementor-widget-container\">\n\t\t\t<style>\/*! elementor - v3.13.0 - 08-05-2023 *\/\n.elementor-widget-text-editor.elementor-drop-cap-view-stacked .elementor-drop-cap{background-color:#69727d;color:#fff}.elementor-widget-text-editor.elementor-drop-cap-view-framed .elementor-drop-cap{color:#69727d;border:3px solid;background-color:transparent}.elementor-widget-text-editor:not(.elementor-drop-cap-view-default) .elementor-drop-cap{margin-top:8px}.elementor-widget-text-editor:not(.elementor-drop-cap-view-default) .elementor-drop-cap-letter{width:1em;height:1em}.elementor-widget-text-editor .elementor-drop-cap{float:left;text-align:center;line-height:1;font-size:50px}.elementor-widget-text-editor .elementor-drop-cap-letter{display:inline-block}<\/style>\t\t\t\t\t\t\t\t\t\t<\/div>\n\t\t\t\t<\/div>\n\t\t\t\t<div class=\"elementor-element elementor-element-2f25a20 elementor-widget elementor-widget-image\" data-id=\"2f25a20\" data-element_type=\"widget\" data-widget_type=\"image.default\">\n\t\t\t\t<div class=\"elementor-widget-container\">\n\t\t\t\t\t\t\t\t\t\t\t\t\t\t\t<img decoding=\"async\" width=\"960\" height=\"693\" src=\"https:\/\/franciscobugallo.com\/wp-content\/uploads\/2023\/05\/Nocturno-1983.png\" class=\"attachment-large size-large wp-image-696\" alt=\"Pintura de 1983\" loading=\"lazy\" srcset=\"https:\/\/franciscobugallo.com\/wp-content\/uploads\/2023\/05\/Nocturno-1983.png 960w, https:\/\/franciscobugallo.com\/wp-content\/uploads\/2023\/05\/Nocturno-1983-300x217.png 300w, https:\/\/franciscobugallo.com\/wp-content\/uploads\/2023\/05\/Nocturno-1983-768x554.png 768w, https:\/\/franciscobugallo.com\/wp-content\/uploads\/2023\/05\/Nocturno-1983-600x433.png 600w\" sizes=\"(max-width: 960px) 100vw, 960px\" \/>\t\t\t\t\t\t\t\t\t\t\t\t\t\t\t<\/div>\n\t\t\t\t<\/div>\n\t\t\t\t\t<\/div>\n\t\t<\/div>\n\t\t\t\t<div class=\"elementor-column elementor-col-50 elementor-top-column elementor-element elementor-element-b70feff\" data-id=\"b70feff\" data-element_type=\"column\">\n\t\t\t<div class=\"elementor-widget-wrap elementor-element-populated\">\n\t\t\t\t\t\t\t\t<section class=\"elementor-section elementor-inner-section elementor-element elementor-element-8fcf17a elementor-section-boxed elementor-section-height-default elementor-section-height-default\" data-id=\"8fcf17a\" data-element_type=\"section\">\n\t\t\t\t\t\t<div class=\"elementor-container elementor-column-gap-default\">\n\t\t\t\t\t<div class=\"elementor-column elementor-col-100 elementor-inner-column elementor-element elementor-element-6dfcad0\" data-id=\"6dfcad0\" data-element_type=\"column\">\n\t\t\t<div class=\"elementor-widget-wrap elementor-element-populated\">\n\t\t\t\t\t\t\t\t<div class=\"elementor-element elementor-element-49be349 elementor-widget elementor-widget-heading\" data-id=\"49be349\" data-element_type=\"widget\" data-widget_type=\"heading.default\">\n\t\t\t\t<div class=\"elementor-widget-container\">\n\t\t\t<style>\/*! elementor - v3.13.0 - 08-05-2023 *\/\n.elementor-heading-title{padding:0;margin:0;line-height:1}.elementor-widget-heading .elementor-heading-title[class*=elementor-size-]>a{color:inherit;font-size:inherit;line-height:inherit}.elementor-widget-heading .elementor-heading-title.elementor-size-small{font-size:15px}.elementor-widget-heading .elementor-heading-title.elementor-size-medium{font-size:19px}.elementor-widget-heading .elementor-heading-title.elementor-size-large{font-size:29px}.elementor-widget-heading .elementor-heading-title.elementor-size-xl{font-size:39px}.elementor-widget-heading .elementor-heading-title.elementor-size-xxl{font-size:59px}<\/style><h1 class=\"elementor-heading-title elementor-size-default\">Acerca de Mi<\/h1>\t\t<\/div>\n\t\t\t\t<\/div>\n\t\t\t\t<div class=\"elementor-element elementor-element-d8ce91c elementor-widget elementor-widget-text-editor\" data-id=\"d8ce91c\" data-element_type=\"widget\" data-widget_type=\"text-editor.default\">\n\t\t\t\t<div class=\"elementor-widget-container\">\n\t\t\t\t\t\t\t<p>\u00a1Hola! Soy Francisco Bugallo, un artista pl\u00e1stico nacido en Caracas el 2 de diciembre de 1958. Luego de graduarme en la Escuela de Artes Pl\u00e1sticas Arturo Michelena en 1976, he dedicado m\u00e1s de cuatro d\u00e9cadas a mi carrera art\u00edstica. Durante este tiempo, he participado en numerosas exposiciones individuales y colectivas en Venezuela y otros pa\u00edses, incluyendo Estados Unidos, Colombia y Espa\u00f1a, entre otros.<\/p><p>A lo largo de mi carrera art\u00edstica, he recibido varios reconocimientos destacados, como el Premio de Adquisici\u00f3n del Sal\u00f3n Nacional de Arte en 1988, el Tercer Premio de la Primera Bienal Christian Dior de Artes Visuales en 19839, y el galard\u00f3n en el Sal\u00f3n Arturo Michelena del Ateneo de Valencia en 1983.<\/p>\t\t\t\t\t\t<\/div>\n\t\t\t\t<\/div>\n\t\t\t\t\t<\/div>\n\t\t<\/div>\n\t\t\t\t\t\t\t<\/div>\n\t\t<\/section>\n\t\t\t\t\t<\/div>\n\t\t<\/div>\n\t\t\t\t\t\t\t<\/div>\n\t\t<\/section>\n\t\t\t\t<section class=\"elementor-section elementor-top-section elementor-element elementor-element-9e924dd elementor-section-boxed elementor-section-height-default elementor-section-height-default\" data-id=\"9e924dd\" data-element_type=\"section\">\n\t\t\t\t\t\t<div class=\"elementor-container elementor-column-gap-default\">\n\t\t\t\t\t<div class=\"elementor-column elementor-col-50 elementor-top-column elementor-element elementor-element-9f00d30\" data-id=\"9f00d30\" data-element_type=\"column\">\n\t\t\t<div class=\"elementor-widget-wrap elementor-element-populated\">\n\t\t\t\t\t\t\t\t<div class=\"elementor-element elementor-element-bd5379e elementor-widget elementor-widget-image\" data-id=\"bd5379e\" data-element_type=\"widget\" data-widget_type=\"image.default\">\n\t\t\t\t<div class=\"elementor-widget-container\">\n\t\t\t\t\t\t\t\t\t\t\t\t\t\t\t<img decoding=\"async\" width=\"562\" height=\"720\" src=\"https:\/\/franciscobugallo.com\/wp-content\/uploads\/2023\/05\/Untitled-1.png\" class=\"attachment-large size-large wp-image-791\" alt=\"\" loading=\"lazy\" srcset=\"https:\/\/franciscobugallo.com\/wp-content\/uploads\/2023\/05\/Untitled-1.png 562w, https:\/\/franciscobugallo.com\/wp-content\/uploads\/2023\/05\/Untitled-1-234x300.png 234w\" sizes=\"(max-width: 562px) 100vw, 562px\" \/>\t\t\t\t\t\t\t\t\t\t\t\t\t\t\t<\/div>\n\t\t\t\t<\/div>\n\t\t\t\t\t<\/div>\n\t\t<\/div>\n\t\t\t\t<div class=\"elementor-column elementor-col-50 elementor-top-column elementor-element elementor-element-603d664\" data-id=\"603d664\" data-element_type=\"column\">\n\t\t\t<div class=\"elementor-widget-wrap elementor-element-populated\">\n\t\t\t\t\t\t\t\t<section class=\"elementor-section elementor-inner-section elementor-element elementor-element-43fad5d elementor-section-boxed elementor-section-height-default elementor-section-height-default\" data-id=\"43fad5d\" data-element_type=\"section\">\n\t\t\t\t\t\t<div class=\"elementor-container elementor-column-gap-default\">\n\t\t\t\t\t<div class=\"elementor-column elementor-col-50 elementor-inner-column elementor-element elementor-element-958435f\" data-id=\"958435f\" data-element_type=\"column\">\n\t\t\t<div class=\"elementor-widget-wrap elementor-element-populated\">\n\t\t\t\t\t\t\t\t<div class=\"elementor-element elementor-element-f6ca112 elementor-widget elementor-widget-text-editor\" data-id=\"f6ca112\" data-element_type=\"widget\" data-widget_type=\"text-editor.default\">\n\t\t\t\t<div class=\"elementor-widget-container\">\n\t\t\t\t\t\t\t<p style=\"font-size: 15px; font-style: normal; font-weight: 400;\">Mi obra ha sido exhibida en ferias de arte internacionales en Estados Unidos, Am\u00e9rica Latina y Europa. En 1990, realic\u00e9 mi primera exposici\u00f3n individual, \u00abDesde la pintura misma\u00bb, en el Museo de Bellas Artes de Caracas, donde tambi\u00e9n particip\u00e9 en la exposici\u00f3n \u00abLos a\u00f1os ochenta, Panorama de las Artes Visuales en Venezuela\u00bb en la Galer\u00eda de Arte Nacional.<\/p><p><span style=\"color: var(--ast-global-color-3);\">Actualmente resido en Espa\u00f1a, donde contin\u00fao desarrollando mi carrera art\u00edstica y explorando nuevas t\u00e9cnicas y expresiones.<\/span><\/p>\t\t\t\t\t\t<\/div>\n\t\t\t\t<\/div>\n\t\t\t\t\t<\/div>\n\t\t<\/div>\n\t\t\t\t<div class=\"elementor-column elementor-col-50 elementor-inner-column elementor-element elementor-element-64fa3a1\" data-id=\"64fa3a1\" data-element_type=\"column\">\n\t\t\t<div class=\"elementor-widget-wrap elementor-element-populated\">\n\t\t\t\t\t\t\t\t<div class=\"elementor-element elementor-element-7b97413 elementor-arrows-position-inside elementor-widget elementor-widget-image-carousel\" data-id=\"7b97413\" data-element_type=\"widget\" data-settings=\"{&quot;slides_to_show&quot;:&quot;1&quot;,&quot;navigation&quot;:&quot;arrows&quot;,&quot;autoplay&quot;:&quot;yes&quot;,&quot;pause_on_hover&quot;:&quot;yes&quot;,&quot;pause_on_interaction&quot;:&quot;yes&quot;,&quot;autoplay_speed&quot;:5000,&quot;infinite&quot;:&quot;yes&quot;,&quot;effect&quot;:&quot;slide&quot;,&quot;speed&quot;:500}\" data-widget_type=\"image-carousel.default\">\n\t\t\t\t<div class=\"elementor-widget-container\">\n\t\t\t<style>\/*! elementor - v3.13.0 - 08-05-2023 *\/\n.elementor-widget-image-carousel .swiper,.elementor-widget-image-carousel .swiper-container{position:static}.elementor-widget-image-carousel .swiper-container .swiper-slide figure,.elementor-widget-image-carousel .swiper .swiper-slide figure{line-height:inherit}.elementor-widget-image-carousel .swiper-slide{text-align:center}.elementor-image-carousel-wrapper:not(.swiper-container-initialized):not(.swiper-initialized) .swiper-slide{max-width:calc(100% \/ var(--e-image-carousel-slides-to-show, 3))}<\/style>\t\t<div class=\"elementor-image-carousel-wrapper swiper\" dir=\"ltr\">\n\t\t\t<div class=\"elementor-image-carousel swiper-wrapper\">\n\t\t\t\t\t\t\t\t<div class=\"swiper-slide\"><a data-elementor-open-lightbox=\"yes\" data-elementor-lightbox-slideshow=\"7b97413\" data-elementor-lightbox-title=\"Obras Peque\u00f1o Formato (4)\" data-e-action-hash=\"#elementor-action%3Aaction%3Dlightbox%26settings%3DeyJpZCI6NzA5LCJ1cmwiOiJodHRwczpcL1wvZnJhbmNpc2NvYnVnYWxsby5jb21cL3dwLWNvbnRlbnRcL3VwbG9hZHNcLzIwMjNcLzA1XC9PYnJhcy1QZXF1ZW5vLUZvcm1hdG8tNC5qcGVnIiwic2xpZGVzaG93IjoiN2I5NzQxMyJ9\" href=\"https:\/\/franciscobugallo.com\/wp-content\/uploads\/2023\/05\/Obras-Pequeno-Formato-4.jpeg\"><figure class=\"swiper-slide-inner\"><img decoding=\"async\" class=\"swiper-slide-image\" src=\"https:\/\/franciscobugallo.com\/wp-content\/uploads\/2023\/05\/Obras-Pequeno-Formato-4.jpeg\" alt=\"Obras de Peque\u00f1o Formato 1\" \/><\/figure><\/a><\/div><div class=\"swiper-slide\"><a data-elementor-open-lightbox=\"yes\" data-elementor-lightbox-slideshow=\"7b97413\" data-elementor-lightbox-title=\"Obras Peque\u00f1o Formato (6)\" data-e-action-hash=\"#elementor-action%3Aaction%3Dlightbox%26settings%3DeyJpZCI6NzExLCJ1cmwiOiJodHRwczpcL1wvZnJhbmNpc2NvYnVnYWxsby5jb21cL3dwLWNvbnRlbnRcL3VwbG9hZHNcLzIwMjNcLzA1XC9PYnJhcy1QZXF1ZW5vLUZvcm1hdG8tNi5qcGVnIiwic2xpZGVzaG93IjoiN2I5NzQxMyJ9\" href=\"https:\/\/franciscobugallo.com\/wp-content\/uploads\/2023\/05\/Obras-Pequeno-Formato-6.jpeg\"><figure class=\"swiper-slide-inner\"><img decoding=\"async\" class=\"swiper-slide-image\" src=\"https:\/\/franciscobugallo.com\/wp-content\/uploads\/2023\/05\/Obras-Pequeno-Formato-6.jpeg\" alt=\"Obras de Peque\u00f1o Formato 2\" \/><\/figure><\/a><\/div><div class=\"swiper-slide\"><a data-elementor-open-lightbox=\"yes\" data-elementor-lightbox-slideshow=\"7b97413\" data-elementor-lightbox-title=\"Obras Peque\u00f1o Formato (7)\" data-e-action-hash=\"#elementor-action%3Aaction%3Dlightbox%26settings%3DeyJpZCI6NzEyLCJ1cmwiOiJodHRwczpcL1wvZnJhbmNpc2NvYnVnYWxsby5jb21cL3dwLWNvbnRlbnRcL3VwbG9hZHNcLzIwMjNcLzA1XC9PYnJhcy1QZXF1ZW5vLUZvcm1hdG8tNy5qcGVnIiwic2xpZGVzaG93IjoiN2I5NzQxMyJ9\" href=\"https:\/\/franciscobugallo.com\/wp-content\/uploads\/2023\/05\/Obras-Pequeno-Formato-7.jpeg\"><figure class=\"swiper-slide-inner\"><img decoding=\"async\" class=\"swiper-slide-image\" src=\"https:\/\/franciscobugallo.com\/wp-content\/uploads\/2023\/05\/Obras-Pequeno-Formato-7.jpeg\" alt=\"Obras de Peque\u00f1o Formato 3\" \/><\/figure><\/a><\/div><div class=\"swiper-slide\"><a data-elementor-open-lightbox=\"yes\" data-elementor-lightbox-slideshow=\"7b97413\" data-elementor-lightbox-title=\"Obras Peque\u00f1o Formato (8)\" data-e-action-hash=\"#elementor-action%3Aaction%3Dlightbox%26settings%3DeyJpZCI6NzEzLCJ1cmwiOiJodHRwczpcL1wvZnJhbmNpc2NvYnVnYWxsby5jb21cL3dwLWNvbnRlbnRcL3VwbG9hZHNcLzIwMjNcLzA1XC9PYnJhcy1QZXF1ZW5vLUZvcm1hdG8tOC5qcGVnIiwic2xpZGVzaG93IjoiN2I5NzQxMyJ9\" href=\"https:\/\/franciscobugallo.com\/wp-content\/uploads\/2023\/05\/Obras-Pequeno-Formato-8.jpeg\"><figure class=\"swiper-slide-inner\"><img decoding=\"async\" class=\"swiper-slide-image\" src=\"https:\/\/franciscobugallo.com\/wp-content\/uploads\/2023\/05\/Obras-Pequeno-Formato-8.jpeg\" alt=\"Obras de Peque\u00f1o Formato 4\" \/><\/figure><\/a><\/div><div class=\"swiper-slide\"><a data-elementor-open-lightbox=\"yes\" data-elementor-lightbox-slideshow=\"7b97413\" data-elementor-lightbox-title=\"Obras Peque\u00f1o Formato (9)\" data-e-action-hash=\"#elementor-action%3Aaction%3Dlightbox%26settings%3DeyJpZCI6NzE0LCJ1cmwiOiJodHRwczpcL1wvZnJhbmNpc2NvYnVnYWxsby5jb21cL3dwLWNvbnRlbnRcL3VwbG9hZHNcLzIwMjNcLzA1XC9PYnJhcy1QZXF1ZW5vLUZvcm1hdG8tOS5qcGVnIiwic2xpZGVzaG93IjoiN2I5NzQxMyJ9\" href=\"https:\/\/franciscobugallo.com\/wp-content\/uploads\/2023\/05\/Obras-Pequeno-Formato-9.jpeg\"><figure class=\"swiper-slide-inner\"><img decoding=\"async\" class=\"swiper-slide-image\" src=\"https:\/\/franciscobugallo.com\/wp-content\/uploads\/2023\/05\/Obras-Pequeno-Formato-9.jpeg\" alt=\"Obras de Peque\u00f1o Formato 5\" \/><\/figure><\/a><\/div>\t\t\t<\/div>\n\t\t\t\t\t\t\t\t\t\t\t\t\t\t\t\t<div class=\"elementor-swiper-button elementor-swiper-button-prev\" role=\"button\" tabindex=\"0\">\n\t\t\t\t\t\t<i aria-hidden=\"true\" class=\"eicon-chevron-left\"><\/i>\t\t\t\t\t\t<span class=\"elementor-screen-only\">Imagen anterior<\/span>\n\t\t\t\t\t<\/div>\n\t\t\t\t\t<div class=\"elementor-swiper-button elementor-swiper-button-next\" role=\"button\" tabindex=\"0\">\n\t\t\t\t\t\t<i aria-hidden=\"true\" class=\"eicon-chevron-right\"><\/i>\t\t\t\t\t\t<span class=\"elementor-screen-only\">Imagen siguiente<\/span>\n\t\t\t\t\t<\/div>\n\t\t\t\t\t\t\t\t\t<\/div>\n\t\t\t\t<\/div>\n\t\t\t\t<\/div>\n\t\t\t\t\t<\/div>\n\t\t<\/div>\n\t\t\t\t\t\t\t<\/div>\n\t\t<\/section>\n\t\t\t\t\t<\/div>\n\t\t<\/div>\n\t\t\t\t\t\t\t<\/div>\n\t\t<\/section>\n\t\t\t\t<section class=\"elementor-section elementor-top-section elementor-element elementor-element-6f15046 elementor-section-content-middle elementor-section-boxed elementor-section-height-default elementor-section-height-default\" data-id=\"6f15046\" data-element_type=\"section\" data-settings=\"{&quot;background_background&quot;:&quot;gradient&quot;}\">\n\t\t\t\t\t\t<div class=\"elementor-container elementor-column-gap-default\">\n\t\t\t\t\t<div class=\"elementor-column elementor-col-100 elementor-top-column elementor-element elementor-element-1d48636\" data-id=\"1d48636\" data-element_type=\"column\">\n\t\t\t<div class=\"elementor-widget-wrap elementor-element-populated\">\n\t\t\t\t\t\t\t\t<div class=\"elementor-element elementor-element-7b26b84 elementor-widget elementor-widget-heading\" data-id=\"7b26b84\" data-element_type=\"widget\" data-widget_type=\"heading.default\">\n\t\t\t\t<div class=\"elementor-widget-container\">\n\t\t\t<h2 class=\"elementor-heading-title elementor-size-default\">\u201cAlguna Exposiciones\u201d<\/h2>\t\t<\/div>\n\t\t\t\t<\/div>\n\t\t\t\t<section class=\"elementor-section elementor-inner-section elementor-element elementor-element-ba2df14 elementor-section-boxed elementor-section-height-default elementor-section-height-default\" data-id=\"ba2df14\" data-element_type=\"section\">\n\t\t\t\t\t\t<div class=\"elementor-container elementor-column-gap-default\">\n\t\t\t\t\t<div class=\"elementor-column elementor-col-33 elementor-inner-column elementor-element elementor-element-f46b0ca\" data-id=\"f46b0ca\" data-element_type=\"column\">\n\t\t\t<div class=\"elementor-widget-wrap elementor-element-populated\">\n\t\t\t\t\t\t\t\t<div class=\"elementor-element elementor-element-370a199 elementor-widget elementor-widget-image\" data-id=\"370a199\" data-element_type=\"widget\" data-widget_type=\"image.default\">\n\t\t\t\t<div class=\"elementor-widget-container\">\n\t\t\t\t\t\t\t\t\t\t\t\t\t\t\t\t<a href=\"https:\/\/franciscobugallo.com\/?page_id=812\">\n\t\t\t\t\t\t\t<img decoding=\"async\" width=\"1028\" height=\"853\" src=\"https:\/\/franciscobugallo.com\/wp-content\/uploads\/2023\/05\/Imagen-y-Semejanza-.jpg\" class=\"attachment-full size-full wp-image-661\" alt=\"Imagen y Semejanza\" loading=\"lazy\" srcset=\"https:\/\/franciscobugallo.com\/wp-content\/uploads\/2023\/05\/Imagen-y-Semejanza-.jpg 1028w, https:\/\/franciscobugallo.com\/wp-content\/uploads\/2023\/05\/Imagen-y-Semejanza--300x249.jpg 300w, https:\/\/franciscobugallo.com\/wp-content\/uploads\/2023\/05\/Imagen-y-Semejanza--1024x850.jpg 1024w, https:\/\/franciscobugallo.com\/wp-content\/uploads\/2023\/05\/Imagen-y-Semejanza--768x637.jpg 768w, https:\/\/franciscobugallo.com\/wp-content\/uploads\/2023\/05\/Imagen-y-Semejanza--600x498.jpg 600w\" sizes=\"(max-width: 1028px) 100vw, 1028px\" \/>\t\t\t\t\t\t\t\t<\/a>\n\t\t\t\t\t\t\t\t\t\t\t\t\t\t\t<\/div>\n\t\t\t\t<\/div>\n\t\t\t\t\t<\/div>\n\t\t<\/div>\n\t\t\t\t<div class=\"elementor-column elementor-col-33 elementor-inner-column elementor-element elementor-element-5b52e63\" data-id=\"5b52e63\" data-element_type=\"column\">\n\t\t\t<div class=\"elementor-widget-wrap elementor-element-populated\">\n\t\t\t\t\t\t\t\t<div class=\"elementor-element elementor-element-dff56a0 elementor-widget elementor-widget-image\" data-id=\"dff56a0\" data-element_type=\"widget\" data-widget_type=\"image.default\">\n\t\t\t\t<div class=\"elementor-widget-container\">\n\t\t\t\t\t\t\t\t\t\t\t\t\t\t\t\t<a href=\"https:\/\/franciscobugallo.com\/?page_id=812\">\n\t\t\t\t\t\t\t<img decoding=\"async\" width=\"1024\" height=\"770\" src=\"https:\/\/franciscobugallo.com\/wp-content\/uploads\/2023\/05\/Al-Final-el-Jucio-Galeria-Freites-1024x770.jpg\" class=\"attachment-large size-large wp-image-665\" alt=\"\" loading=\"lazy\" srcset=\"https:\/\/franciscobugallo.com\/wp-content\/uploads\/2023\/05\/Al-Final-el-Jucio-Galeria-Freites-1024x770.jpg 1024w, https:\/\/franciscobugallo.com\/wp-content\/uploads\/2023\/05\/Al-Final-el-Jucio-Galeria-Freites-300x226.jpg 300w, https:\/\/franciscobugallo.com\/wp-content\/uploads\/2023\/05\/Al-Final-el-Jucio-Galeria-Freites-768x578.jpg 768w, https:\/\/franciscobugallo.com\/wp-content\/uploads\/2023\/05\/Al-Final-el-Jucio-Galeria-Freites-1536x1156.jpg 1536w, https:\/\/franciscobugallo.com\/wp-content\/uploads\/2023\/05\/Al-Final-el-Jucio-Galeria-Freites-2048x1541.jpg 2048w, https:\/\/franciscobugallo.com\/wp-content\/uploads\/2023\/05\/Al-Final-el-Jucio-Galeria-Freites-600x451.jpg 600w\" sizes=\"(max-width: 1024px) 100vw, 1024px\" \/>\t\t\t\t\t\t\t\t<\/a>\n\t\t\t\t\t\t\t\t\t\t\t\t\t\t\t<\/div>\n\t\t\t\t<\/div>\n\t\t\t\t\t<\/div>\n\t\t<\/div>\n\t\t\t\t<div class=\"elementor-column elementor-col-33 elementor-inner-column elementor-element elementor-element-cd5e5d1\" data-id=\"cd5e5d1\" data-element_type=\"column\">\n\t\t\t<div class=\"elementor-widget-wrap elementor-element-populated\">\n\t\t\t\t\t\t\t\t<div class=\"elementor-element elementor-element-12edbd8 elementor-widget elementor-widget-image\" data-id=\"12edbd8\" data-element_type=\"widget\" data-widget_type=\"image.default\">\n\t\t\t\t<div class=\"elementor-widget-container\">\n\t\t\t\t\t\t\t\t\t\t\t\t\t\t\t\t<a href=\"https:\/\/franciscobugallo.com\/?page_id=812\">\n\t\t\t\t\t\t\t<img decoding=\"async\" width=\"960\" height=\"720\" src=\"https:\/\/franciscobugallo.com\/wp-content\/uploads\/2023\/05\/Untitled.png\" class=\"attachment-large size-large wp-image-669\" alt=\"Obra Caronte, CAF, Caracas\" loading=\"lazy\" srcset=\"https:\/\/franciscobugallo.com\/wp-content\/uploads\/2023\/05\/Untitled.png 960w, https:\/\/franciscobugallo.com\/wp-content\/uploads\/2023\/05\/Untitled-300x225.png 300w, https:\/\/franciscobugallo.com\/wp-content\/uploads\/2023\/05\/Untitled-768x576.png 768w, https:\/\/franciscobugallo.com\/wp-content\/uploads\/2023\/05\/Untitled-600x450.png 600w\" sizes=\"(max-width: 960px) 100vw, 960px\" \/>\t\t\t\t\t\t\t\t<\/a>\n\t\t\t\t\t\t\t\t\t\t\t\t\t\t\t<\/div>\n\t\t\t\t<\/div>\n\t\t\t\t\t<\/div>\n\t\t<\/div>\n\t\t\t\t\t\t\t<\/div>\n\t\t<\/section>\n\t\t\t\t\t<\/div>\n\t\t<\/div>\n\t\t\t\t\t\t\t<\/div>\n\t\t<\/section>\n\t\t\t\t\t\t\t<\/div>\n\t\t","protected":false},"excerpt":{"rendered":"<p>Acerca de Mi \u00a1Hola! Soy Francisco Bugallo, un artista pl\u00e1stico nacido en Caracas el 2 de diciembre de 1958. Luego de graduarme en la Escuela de Artes Pl\u00e1sticas Arturo Michelena en 1976, he dedicado m\u00e1s de cuatro d\u00e9cadas a mi carrera art\u00edstica. Durante este tiempo, he participado en numerosas exposiciones individuales y colectivas en Venezuela &hellip;<\/p>\n<p class=\"read-more\"> <a class=\"\" href=\"https:\/\/franciscobugallo.com\/?page_id=591\"> <span class=\"screen-reader-text\">About Me<\/span> Leer m\u00e1s &raquo;<\/a><\/p>\n","protected":false},"author":1,"featured_media":0,"parent":0,"menu_order":0,"comment_status":"closed","ping_status":"closed","template":"","meta":{"site-sidebar-layout":"no-sidebar","site-content-layout":"page-builder","ast-global-header-display":"","ast-main-header-display":"","ast-hfb-above-header-display":"","ast-hfb-below-header-display":"","ast-hfb-mobile-header-display":"","site-post-title":"disabled","ast-breadcrumbs-content":"","ast-featured-img":"disabled","footer-sml-layout":"","theme-transparent-header-meta":"","adv-header-id-meta":"","stick-header-meta":"","header-above-stick-meta":"","header-main-stick-meta":"","header-below-stick-meta":""},"_links":{"self":[{"href":"https:\/\/franciscobugallo.com\/index.php?rest_route=\/wp\/v2\/pages\/591"}],"collection":[{"href":"https:\/\/franciscobugallo.com\/index.php?rest_route=\/wp\/v2\/pages"}],"about":[{"href":"https:\/\/franciscobugallo.com\/index.php?rest_route=\/wp\/v2\/types\/page"}],"author":[{"embeddable":true,"href":"https:\/\/franciscobugallo.com\/index.php?rest_route=\/wp\/v2\/users\/1"}],"replies":[{"embeddable":true,"href":"https:\/\/franciscobugallo.com\/index.php?rest_route=%2Fwp%2Fv2%2Fcomments&post=591"}],"version-history":[{"count":58,"href":"https:\/\/franciscobugallo.com\/index.php?rest_route=\/wp\/v2\/pages\/591\/revisions"}],"predecessor-version":[{"id":915,"href":"https:\/\/franciscobugallo.com\/index.php?rest_route=\/wp\/v2\/pages\/591\/revisions\/915"}],"wp:attachment":[{"href":"https:\/\/franciscobugallo.com\/index.php?rest_route=%2Fwp%2Fv2%2Fmedia&parent=591"}],"curies":[{"name":"wp","href":"https:\/\/api.w.org\/{rel}","templated":true}]}}